{"id":45,"date":"2025-06-20T09:13:31","date_gmt":"2025-06-20T09:13:31","guid":{"rendered":"https:\/\/mkirzynowska.ksr.zgo.pl\/?page_id=45"},"modified":"2025-07-16T11:13:29","modified_gmt":"2025-07-16T11:13:29","slug":"o-kancelarii","status":"publish","type":"page","link":"https:\/\/komornik-slubice.pl\/index.php\/o-kancelarii\/","title":{"rendered":"o kancelarii"},"content":{"rendered":"\t\t<div data-elementor-type=\"wp-page\" data-elementor-id=\"45\" class=\"elementor elementor-45\">\n\t\t\t\t<div class=\"elementor-element elementor-element-8e52326 e-flex e-con-boxed e-con e-parent\" data-id=\"8e52326\" data-element_type=\"container\">\n\t\t\t\t\t<div class=\"e-con-inner\">\n\t\t\t\t\t<\/div>\n\t\t\t\t<\/div>\n\t\t<div class=\"elementor-element elementor-element-96b87be e-flex e-con-boxed e-con e-parent\" data-id=\"96b87be\" data-element_type=\"container\">\n\t\t\t\t\t<div class=\"e-con-inner\">\n\t\t\t\t<div class=\"elementor-element elementor-element-3bcb426 elementor-widget elementor-widget-text-editor\" data-id=\"3bcb426\" data-element_type=\"widget\" data-widget_type=\"text-editor.default\">\n\t\t\t\t<div class=\"elementor-widget-container\">\n\t\t\t\t\t\t\t\t\t<p>Komornik S\u0105dowy <strong>Monika Kirzynowska<\/strong> przy S\u0105dzie Rejonowym w S\u0142ubicach. <strong>Kancelaria Komornicza w S\u0142ubicach.<\/strong><\/p><p>Komornik S\u0105dowy Monika Kirzynowska prowadzi Kancelari\u0119 Komornicz\u0105 dzia\u0142aj\u0105c\u0105 przy S\u0105dzie Rejonowym w S\u0142ubicach. Kancelaria realizuje zadania wynikaj\u0105ce z przepis\u00f3w prawa, zapewniaj\u0105c sprawne i rzetelne prowadzenie post\u0119powa\u0144 egzekucyjnych oraz innych czynno\u015bci powierzonych komornikowi.<\/p><p>Zgodnie z ustaw\u0105 o komornikach s\u0105dowych:<\/p><p>Art. 2 ust. 1<br \/>Komornik jest funkcjonariuszem publicznym dzia\u0142aj\u0105cym przy s\u0105dzie rejonowym.<\/p><p>Art. 3 ust. 1<br \/>Komornik jest organem w\u0142adzy publicznej w zakresie wykonywania czynno\u015bci w post\u0119powaniu egzekucyjnym i zabezpieczaj\u0105cym. Czynno\u015bci te wykonuje komornik, z uwzgl\u0119dnieniem wyj\u0105tk\u00f3w przewidzianych w ustawach.<br \/>Do podstawowych zada\u0144 Komornika S\u0105dowego Moniki Kirzynowskiej nale\u017c\u0105:<\/p><p>&#8211; wykonywanie orzecze\u0144 s\u0105dowych dotycz\u0105cych roszcze\u0144 pieni\u0119\u017cnych i niepieni\u0119\u017cnych,<br \/>&#8211; zabezpieczanie roszcze\u0144, w tym europejskich nakaz\u00f3w zabezpieczenia na rachunku bankowym,<br \/>&#8211; wykonywanie innych tytu\u0142\u00f3w wykonawczych i egzekucyjnych bez konieczno\u015bci nadawania klauzuli wykonalno\u015bci,<br \/>&#8211; zabezpieczenie \u015brodk\u00f3w dowodowych w sprawach w\u0142asno\u015bci intelektualnej,<br \/>&#8211; sporz\u0105dzanie spis\u00f3w inwentarza i zabezpieczenie spadku,<br \/>&#8211; realizacja zada\u0144 wynikaj\u0105cych z innych ustaw.<\/p><p>Komornik mo\u017ce r\u00f3wnie\u017c:<\/p><p>&#8211; dor\u0119cza\u0107 pisma s\u0105dowe bezpo\u015brednio adresatowi na zlecenie s\u0105du,<br \/>&#8211; ustala\u0107 aktualny adres zamieszkania adresata,<br \/>&#8211; sporz\u0105dza\u0107 protoko\u0142y stanu faktycznego,<br \/>&#8211; sprawowa\u0107 urz\u0119dowy nadz\u00f3r nad dobrowolnymi publicznymi licytacjami.<\/p>\t\t\t\t\t\t\t\t<\/div>\n\t\t\t\t<\/div>\n\t\t\t\t\t<\/div>\n\t\t\t\t<\/div>\n\t\t<div class=\"elementor-element elementor-element-0a370a5 e-flex e-con-boxed e-con e-parent\" data-id=\"0a370a5\" data-element_type=\"container\">\n\t\t\t\t\t<div class=\"e-con-inner\">\n\t\t<div class=\"elementor-element elementor-element-deca471 e-con-full e-flex e-con e-child\" data-id=\"deca471\" data-element_type=\"container\">\n\t\t\t\t<div class=\"elementor-element elementor-element-7a6cbda elementor-position-left elementor-vertical-align-middle elementor-widget elementor-widget-image-box\" data-id=\"7a6cbda\" data-element_type=\"widget\" data-widget_type=\"image-box.default\">\n\t\t\t\t<div class=\"elementor-widget-container\">\n\t\t\t\t\t<div class=\"elementor-image-box-wrapper\"><figure class=\"elementor-image-box-img\"><img fetchpriority=\"high\" decoding=\"async\" width=\"1863\" height=\"534\" src=\"https:\/\/komornik-slubice.pl\/wp-content\/uploads\/2025\/06\/KomornikOnline-logo-3-2.png\" class=\"attachment-full size-full wp-image-57\" alt=\"\" srcset=\"https:\/\/komornik-slubice.pl\/wp-content\/uploads\/2025\/06\/KomornikOnline-logo-3-2.png 1863w, https:\/\/komornik-slubice.pl\/wp-content\/uploads\/2025\/06\/KomornikOnline-logo-3-2-300x86.png 300w, https:\/\/komornik-slubice.pl\/wp-content\/uploads\/2025\/06\/KomornikOnline-logo-3-2-1024x294.png 1024w, https:\/\/komornik-slubice.pl\/wp-content\/uploads\/2025\/06\/KomornikOnline-logo-3-2-768x220.png 768w, https:\/\/komornik-slubice.pl\/wp-content\/uploads\/2025\/06\/KomornikOnline-logo-3-2-1536x440.png 1536w, https:\/\/komornik-slubice.pl\/wp-content\/uploads\/2025\/06\/KomornikOnline-logo-3-2-1140x327.png 1140w\" sizes=\"(max-width: 1863px) 100vw, 1863px\" \/><\/figure><div class=\"elementor-image-box-content\"><p class=\"elementor-image-box-description\"><small><strong>Komornik Online<\/strong> serwis umo\u017cliwiaj\u0105cy komunikacj\u0119 kancelarii komorniczej z uczestnikami post\u0119powania egzekucyjnego. Korzysta\u0107 z niego mog\u0105 zar\u00f3wno pracownicy kancelarii, jak i d\u0142u\u017cnicy, wierzyciele, pe\u0142nomocnicy oraz kancelarie prawne, kt\u00f3rym kancelaria komornicza udost\u0119pni tak\u0105 mo\u017cliwo\u015b\u0107.<\/small><\/p><\/div><\/div>\t\t\t\t<\/div>\n\t\t\t\t<\/div>\n\t\t\t\t<\/div>\n\t\t<div class=\"elementor-element elementor-element-51a75dd e-con-full e-flex e-con e-child\" data-id=\"51a75dd\" data-element_type=\"container\">\n\t\t\t\t<div class=\"elementor-element elementor-element-2da5286 elementor-position-left elementor-vertical-align-middle elementor-widget elementor-widget-image-box\" data-id=\"2da5286\" data-element_type=\"widget\" data-widget_type=\"image-box.default\">\n\t\t\t\t<div class=\"elementor-widget-container\">\n\t\t\t\t\t<div class=\"elementor-image-box-wrapper\"><figure class=\"elementor-image-box-img\"><img decoding=\"async\" width=\"200\" height=\"80\" src=\"https:\/\/komornik-slubice.pl\/wp-content\/uploads\/2025\/06\/komornik_ekw-3.png\" class=\"attachment-full size-full wp-image-65\" alt=\"\" \/><\/figure><div class=\"elementor-image-box-content\"><p class=\"elementor-image-box-description\"><small><strong>Elektroniczna Baza Danych Ksi\u0105g Wieczystych<\/strong> system pozwala na podstawie danych d\u0142u\u017cnika ustali\u0107 nieruchomo\u015bci stanowi\u0105ce jego w\u0142asno\u015b\u0107, wsp\u00f3\u0142w\u0142asno\u015b\u0107 oraz b\u0119d\u0105ce w jego u\u017cytkowaniu wieczystym. Ponadto, system pozwala r\u00f3wnie\u017c z\u0142o\u017cy\u0107 wniosek o dokonanie wpisu o wszcz\u0119ciu egzekucji z nieruchomo\u015bci w formie elektronicznej.<\/small><\/p><\/div><\/div>\t\t\t\t<\/div>\n\t\t\t\t<\/div>\n\t\t\t\t<\/div>\n\t\t\t\t\t<\/div>\n\t\t\t\t<\/div>\n\t\t<div class=\"elementor-element elementor-element-50fd3e8 e-flex e-con-boxed e-con e-parent\" data-id=\"50fd3e8\" data-element_type=\"container\">\n\t\t\t\t\t<div class=\"e-con-inner\">\n\t\t<div class=\"elementor-element elementor-element-3a8c877 e-con-full e-flex e-con e-child\" data-id=\"3a8c877\" data-element_type=\"container\">\n\t\t\t\t<div class=\"elementor-element elementor-element-bc8d348 elementor-position-left elementor-vertical-align-middle elementor-widget elementor-widget-image-box\" data-id=\"bc8d348\" data-element_type=\"widget\" data-widget_type=\"image-box.default\">\n\t\t\t\t<div class=\"elementor-widget-container\">\n\t\t\t\t\t<div class=\"elementor-image-box-wrapper\"><figure class=\"elementor-image-box-img\"><img decoding=\"async\" width=\"200\" height=\"80\" src=\"https:\/\/komornik-slubice.pl\/wp-content\/uploads\/2025\/06\/komornik_puezus-3.png\" class=\"attachment-full size-full wp-image-64\" alt=\"\" \/><\/figure><div class=\"elementor-image-box-content\"><p class=\"elementor-image-box-description\"><small><strong>PUE ZUS<\/strong> zapytania do Zak\u0142adu Ubezpiecze\u0144 Spo\u0142ecznych w formie elektronicznej, za jego pomoc\u0105 komornik ustala miejsce zatrudnienia d\u0142u\u017cnika lub prowadzon\u0105 dzia\u0142alno\u015b\u0107 gospodarcz\u0105.<\/small><\/p><\/div><\/div>\t\t\t\t<\/div>\n\t\t\t\t<\/div>\n\t\t\t\t<\/div>\n\t\t<div class=\"elementor-element elementor-element-f378dce e-con-full e-flex e-con e-child\" data-id=\"f378dce\" data-element_type=\"container\">\n\t\t\t\t<div class=\"elementor-element elementor-element-9a97dbb elementor-position-left elementor-vertical-align-middle elementor-widget elementor-widget-image-box\" data-id=\"9a97dbb\" data-element_type=\"widget\" data-widget_type=\"image-box.default\">\n\t\t\t\t<div class=\"elementor-widget-container\">\n\t\t\t\t\t<div class=\"elementor-image-box-wrapper\"><figure class=\"elementor-image-box-img\"><img loading=\"lazy\" decoding=\"async\" width=\"200\" height=\"80\" src=\"https:\/\/komornik-slubice.pl\/wp-content\/uploads\/2025\/06\/komornik_epuap-3-2.png\" class=\"attachment-full size-full wp-image-66\" alt=\"\" \/><\/figure><div class=\"elementor-image-box-content\"><p class=\"elementor-image-box-description\"><small><strong>ePUAP<\/strong> za pomoc\u0105 tego systemu komornik mo\u017ce przyspieszy\u0107 korespondencj\u0119 z urz\u0119dami gdy\u017c odbywa si\u0119 ona elektronicznie.<\/small><\/p><\/div><\/div>\t\t\t\t<\/div>\n\t\t\t\t<\/div>\n\t\t\t\t<\/div>\n\t\t\t\t\t<\/div>\n\t\t\t\t<\/div>\n\t\t<div class=\"elementor-element elementor-element-23e8f9f e-flex e-con-boxed e-con e-parent\" data-id=\"23e8f9f\" data-element_type=\"container\">\n\t\t\t\t\t<div class=\"e-con-inner\">\n\t\t<div class=\"elementor-element elementor-element-20f98b6 e-con-full e-flex e-con e-child\" data-id=\"20f98b6\" data-element_type=\"container\">\n\t\t\t\t<div class=\"elementor-element elementor-element-f7eebe3 elementor-position-left elementor-vertical-align-middle elementor-widget elementor-widget-image-box\" data-id=\"f7eebe3\" data-element_type=\"widget\" data-widget_type=\"image-box.default\">\n\t\t\t\t<div class=\"elementor-widget-container\">\n\t\t\t\t\t<div class=\"elementor-image-box-wrapper\"><figure class=\"elementor-image-box-img\"><img loading=\"lazy\" decoding=\"async\" width=\"200\" height=\"80\" src=\"https:\/\/komornik-slubice.pl\/wp-content\/uploads\/2025\/06\/komornik_ognivo-3.png\" class=\"attachment-full size-full wp-image-67\" alt=\"\" \/><\/figure><div class=\"elementor-image-box-content\"><p class=\"elementor-image-box-description\"><small><strong>Ognivo<\/strong> komornik ma mo\u017cliwo\u015b\u0107 ustalenia czy d\u0142u\u017cnik posiada rachunki bankowe I dokonania ich zaj\u0119cia. Lista bank\u00f3w na bie\u017c\u0105co si\u0119 powi\u0119ksza i jest systematycznie aktualizowana. Zapytania w tym systemie s\u0105 dla wierzyciela bezp\u0142atne.<\/small><\/p><\/div><\/div>\t\t\t\t<\/div>\n\t\t\t\t<\/div>\n\t\t\t\t<\/div>\n\t\t<div class=\"elementor-element elementor-element-1ffa7ff e-con-full e-flex e-con e-child\" data-id=\"1ffa7ff\" data-element_type=\"container\">\n\t\t\t\t<div class=\"elementor-element elementor-element-2692c89 elementor-position-left elementor-vertical-align-middle elementor-widget elementor-widget-image-box\" data-id=\"2692c89\" data-element_type=\"widget\" data-widget_type=\"image-box.default\">\n\t\t\t\t<div class=\"elementor-widget-container\">\n\t\t\t\t\t<div class=\"elementor-image-box-wrapper\"><figure class=\"elementor-image-box-img\"><img loading=\"lazy\" decoding=\"async\" width=\"200\" height=\"80\" src=\"https:\/\/komornik-slubice.pl\/wp-content\/uploads\/2025\/06\/komornik_cepik-5.png\" class=\"attachment-full size-full wp-image-68\" alt=\"\" \/><\/figure><div class=\"elementor-image-box-content\"><p class=\"elementor-image-box-description\"><small><strong>CEPiK<\/strong> system obejmuj\u0105cy baz\u0119 danych zawieraj\u0105c\u0105 dane i informacje o pojazdach, ich w\u0142a\u015bcicielach. Za jego pomoc\u0105 komornik uzyskuje czy d\u0142u\u017cnik jest w\u0142a\u015bcicielem pojazdu mechanicznego. Zapytanie jest bezp\u0142atne.<\/small><\/p><\/div><\/div>\t\t\t\t<\/div>\n\t\t\t\t<\/div>\n\t\t\t\t<\/div>\n\t\t\t\t\t<\/div>\n\t\t\t\t<\/div>\n\t\t<div class=\"elementor-element elementor-element-cb787d8 e-flex e-con-boxed e-con e-parent\" data-id=\"cb787d8\" data-element_type=\"container\">\n\t\t\t\t\t<div class=\"e-con-inner\">\n\t\t<div class=\"elementor-element elementor-element-ccb89e6 e-con-full e-flex e-con e-child\" data-id=\"ccb89e6\" data-element_type=\"container\">\n\t\t\t\t<div class=\"elementor-element elementor-element-5de1e6a elementor-position-left elementor-vertical-align-middle elementor-widget elementor-widget-image-box\" data-id=\"5de1e6a\" data-element_type=\"widget\" data-widget_type=\"image-box.default\">\n\t\t\t\t<div class=\"elementor-widget-container\">\n\t\t\t\t\t<div class=\"elementor-image-box-wrapper\"><figure class=\"elementor-image-box-img\"><img loading=\"lazy\" decoding=\"async\" width=\"200\" height=\"80\" src=\"https:\/\/komornik-slubice.pl\/wp-content\/uploads\/2025\/06\/komornik_esad-3-2.png\" class=\"attachment-full size-full wp-image-69\" alt=\"\" \/><\/figure><div class=\"elementor-image-box-content\"><p class=\"elementor-image-box-description\"><small><strong>EPU<\/strong> nakaz zap\u0142aty wydany w elektronicznym post\u0119powaniu upominawczym wierzyciel mo\u017ce nast\u0119pnie skierowa\u0107 do egzekucji drog\u0105 elektroniczn\u0105.<\/small><\/p><\/div><\/div>\t\t\t\t<\/div>\n\t\t\t\t<\/div>\n\t\t\t\t<\/div>\n\t\t<div class=\"elementor-element elementor-element-5be485a e-con-full e-flex e-con e-child\" data-id=\"5be485a\" data-element_type=\"container\">\n\t\t\t\t<div class=\"elementor-element elementor-element-efb2d92 elementor-position-left elementor-vertical-align-middle elementor-widget elementor-widget-image-box\" data-id=\"efb2d92\" data-element_type=\"widget\" data-widget_type=\"image-box.default\">\n\t\t\t\t<div class=\"elementor-widget-container\">\n\t\t\t\t\t<div class=\"elementor-image-box-wrapper\"><figure class=\"elementor-image-box-img\"><img loading=\"lazy\" decoding=\"async\" width=\"1000\" height=\"400\" src=\"https:\/\/komornik-slubice.pl\/wp-content\/uploads\/2025\/07\/komornicy_0004_logo_CEIDG.png\" class=\"attachment-full size-full wp-image-140\" alt=\"\" srcset=\"https:\/\/komornik-slubice.pl\/wp-content\/uploads\/2025\/07\/komornicy_0004_logo_CEIDG.png 1000w, https:\/\/komornik-slubice.pl\/wp-content\/uploads\/2025\/07\/komornicy_0004_logo_CEIDG-300x120.png 300w, https:\/\/komornik-slubice.pl\/wp-content\/uploads\/2025\/07\/komornicy_0004_logo_CEIDG-768x307.png 768w\" sizes=\"(max-width: 1000px) 100vw, 1000px\" \/><\/figure><div class=\"elementor-image-box-content\"><p class=\"elementor-image-box-description\"><small><strong>CEIDG<\/strong> w tym systemie komornik jest w stanie sprawdzi\u0107 czy dany d\u0142u\u017cnik posiada dzia\u0142alno\u015b\u0107 gospodarcz\u0105. Zapytanie w systemie CEIDG jest bezp\u0142atne.<\/small><\/p><\/div><\/div>\t\t\t\t<\/div>\n\t\t\t\t<\/div>\n\t\t\t\t<\/div>\n\t\t\t\t\t<\/div>\n\t\t\t\t<\/div>\n\t\t\t\t<\/div>\n\t\t","protected":false},"excerpt":{"rendered":"<p>Komornik S\u0105dowy Monika Kirzynowska przy S\u0105dzie Rejonowym w S\u0142ubicach. Kancelaria Komornicza w S\u0142ubicach. Komornik S\u0105dowy Monika Kirzynowska prowadzi Kancelari\u0119 Komornicz\u0105 dzia\u0142aj\u0105c\u0105 przy S\u0105dzie Rejonowym w S\u0142ubicach. Kancelaria realizuje zadania wynikaj\u0105ce z przepis\u00f3w prawa, zapewniaj\u0105c sprawne i rzetelne prowadzenie post\u0119powa\u0144 egzekucyjnych oraz innych czynno\u015bci powierzonych komornikowi. Zgodnie z ustaw\u0105 o komornikach s\u0105dowych: Art. 2 ust. 1Komornik jest funkcjonariuszem publicznym dzia\u0142aj\u0105cym przy s\u0105dzie rejonowym. Art. 3 ust. 1Komornik jest organem w\u0142adzy publicznej w zakresie wykonywania czynno\u015bci w post\u0119powaniu egzekucyjnym i zabezpieczaj\u0105cym. Czynno\u015bci te wykonuje komornik, z uwzgl\u0119dnieniem wyj\u0105tk\u00f3w przewidzianych w ustawach.Do podstawowych zada\u0144 Komornika S\u0105dowego Moniki Kirzynowskiej nale\u017c\u0105: &#8211; wykonywanie orzecze\u0144 s\u0105dowych dotycz\u0105cych roszcze\u0144 pieni\u0119\u017cnych i niepieni\u0119\u017cnych,&#8211; zabezpieczanie roszcze\u0144, w tym europejskich nakaz\u00f3w zabezpieczenia na rachunku bankowym,&#8211; wykonywanie innych tytu\u0142\u00f3w wykonawczych i egzekucyjnych bez konieczno\u015bci nadawania klauzuli wykonalno\u015bci,&#8211; zabezpieczenie \u015brodk\u00f3w dowodowych w sprawach w\u0142asno\u015bci intelektualnej,&#8211; sporz\u0105dzanie spis\u00f3w inwentarza i zabezpieczenie spadku,&#8211; realizacja zada\u0144 wynikaj\u0105cych z innych ustaw. Komornik mo\u017ce r\u00f3wnie\u017c: &#8211; dor\u0119cza\u0107 pisma s\u0105dowe bezpo\u015brednio adresatowi na zlecenie s\u0105du,&#8211; ustala\u0107 aktualny adres zamieszkania adresata,&#8211; sporz\u0105dza\u0107 protoko\u0142y stanu faktycznego,&#8211; sprawowa\u0107 urz\u0119dowy nadz\u00f3r nad dobrowolnymi publicznymi licytacjami. Komornik Online serwis umo\u017cliwiaj\u0105cy komunikacj\u0119 kancelarii komorniczej z uczestnikami post\u0119powania egzekucyjnego. Korzysta\u0107 z niego mog\u0105 zar\u00f3wno pracownicy kancelarii, jak i d\u0142u\u017cnicy, wierzyciele, pe\u0142nomocnicy oraz kancelarie prawne, kt\u00f3rym kancelaria komornicza udost\u0119pni tak\u0105 mo\u017cliwo\u015b\u0107. Elektroniczna Baza Danych Ksi\u0105g Wieczystych system pozwala na podstawie danych d\u0142u\u017cnika ustali\u0107 nieruchomo\u015bci stanowi\u0105ce jego w\u0142asno\u015b\u0107, wsp\u00f3\u0142w\u0142asno\u015b\u0107 oraz b\u0119d\u0105ce w jego u\u017cytkowaniu wieczystym. Ponadto, system pozwala r\u00f3wnie\u017c z\u0142o\u017cy\u0107 wniosek o dokonanie wpisu o wszcz\u0119ciu egzekucji z nieruchomo\u015bci w formie elektronicznej. PUE ZUS zapytania do Zak\u0142adu Ubezpiecze\u0144 Spo\u0142ecznych w formie elektronicznej, za jego pomoc\u0105 komornik ustala miejsce zatrudnienia d\u0142u\u017cnika lub prowadzon\u0105 dzia\u0142alno\u015b\u0107 gospodarcz\u0105. ePUAP za pomoc\u0105 tego systemu komornik mo\u017ce przyspieszy\u0107 korespondencj\u0119 z urz\u0119dami gdy\u017c odbywa si\u0119 ona elektronicznie. Ognivo komornik ma mo\u017cliwo\u015b\u0107 ustalenia czy d\u0142u\u017cnik posiada rachunki bankowe I dokonania ich zaj\u0119cia. Lista bank\u00f3w na bie\u017c\u0105co si\u0119 powi\u0119ksza i jest systematycznie aktualizowana. Zapytania w tym systemie s\u0105 dla wierzyciela bezp\u0142atne. CEPiK system obejmuj\u0105cy baz\u0119 danych zawieraj\u0105c\u0105 dane i informacje o pojazdach, ich w\u0142a\u015bcicielach. Za jego pomoc\u0105 komornik uzyskuje czy d\u0142u\u017cnik jest w\u0142a\u015bcicielem pojazdu mechanicznego. Zapytanie jest bezp\u0142atne. EPU nakaz zap\u0142aty wydany w elektronicznym post\u0119powaniu upominawczym wierzyciel mo\u017ce nast\u0119pnie skierowa\u0107 do egzekucji drog\u0105 elektroniczn\u0105. CEIDG w tym systemie komornik jest w stanie sprawdzi\u0107 czy dany d\u0142u\u017cnik posiada dzia\u0142alno\u015b\u0107 gospodarcz\u0105. Zapytanie w systemie CEIDG jest bezp\u0142atne.<\/p>\n","protected":false},"author":1,"featured_media":0,"parent":0,"menu_order":0,"comment_status":"closed","ping_status":"closed","template":"elementor_header_footer","meta":{"footnotes":""},"class_list":["post-45","page","type-page","status-publish","hentry"],"_links":{"self":[{"href":"https:\/\/komornik-slubice.pl\/index.php\/wp-json\/wp\/v2\/pages\/45","targetHints":{"allow":["GET"]}}],"collection":[{"href":"https:\/\/komornik-slubice.pl\/index.php\/wp-json\/wp\/v2\/pages"}],"about":[{"href":"https:\/\/komornik-slubice.pl\/index.php\/wp-json\/wp\/v2\/types\/page"}],"author":[{"embeddable":true,"href":"https:\/\/komornik-slubice.pl\/index.php\/wp-json\/wp\/v2\/users\/1"}],"replies":[{"embeddable":true,"href":"https:\/\/komornik-slubice.pl\/index.php\/wp-json\/wp\/v2\/comments?post=45"}],"version-history":[{"count":22,"href":"https:\/\/komornik-slubice.pl\/index.php\/wp-json\/wp\/v2\/pages\/45\/revisions"}],"predecessor-version":[{"id":143,"href":"https:\/\/komornik-slubice.pl\/index.php\/wp-json\/wp\/v2\/pages\/45\/revisions\/143"}],"wp:attachment":[{"href":"https:\/\/komornik-slubice.pl\/index.php\/wp-json\/wp\/v2\/media?parent=45"}],"curies":[{"name":"wp","href":"https:\/\/api.w.org\/{rel}","templated":true}]}}