{"id":76,"date":"2025-06-20T09:40:57","date_gmt":"2025-06-20T09:40:57","guid":{"rendered":"https:\/\/mkirzynowska.ksr.zgo.pl\/?page_id=76"},"modified":"2025-06-20T09:52:28","modified_gmt":"2025-06-20T09:52:28","slug":"wlasciwosc","status":"publish","type":"page","link":"https:\/\/komornik-slubice.pl\/index.php\/wlasciwosc\/","title":{"rendered":"W\u0142a\u015bciwo\u015b\u0107"},"content":{"rendered":"\t\t<div data-elementor-type=\"wp-page\" data-elementor-id=\"76\" class=\"elementor elementor-76\">\n\t\t\t\t<div class=\"elementor-element elementor-element-d77d442 e-flex e-con-boxed e-con e-parent\" data-id=\"d77d442\" data-element_type=\"container\">\n\t\t\t\t\t<div class=\"e-con-inner\">\n\t\t\t\t\t<\/div>\n\t\t\t\t<\/div>\n\t\t<div class=\"elementor-element elementor-element-bb25014 e-flex e-con-boxed e-con e-parent\" data-id=\"bb25014\" data-element_type=\"container\">\n\t\t\t\t\t<div class=\"e-con-inner\">\n\t\t\t\t<div class=\"elementor-element elementor-element-1c1e93b elementor-widget elementor-widget-text-editor\" data-id=\"1c1e93b\" data-element_type=\"widget\" data-widget_type=\"text-editor.default\">\n\t\t\t\t<div class=\"elementor-widget-container\">\n\t\t\t\t\t\t\t\t\t<p>Komornik S\u0105dowy <strong>Monika Kirzynowska<\/strong> dzia\u0142a przy <strong>S\u0105dzie Rejonowym w S\u0142ubicach<\/strong>, kt\u00f3ry obejmuje w\u0142a\u015bciwo\u015bci\u0105 miejscow\u0105 nast\u0119puj\u0105ce obszary:<br \/><br \/>&#8211; miasto Kostrzyn nad Odr\u0105,<br \/>&#8211; gmina S\u0142ubice,<br \/>&#8211; gmina Rzepin,<br \/>&#8211; gmina G\u00f3rzyca.<br \/><br \/>Post\u0119powania egzekucyjne mog\u0105 by\u0107 prowadzone na terenie ca\u0142ego powy\u017cszego obszaru, zgodnie z przepisami ustawy o komornikach s\u0105dowych oraz Kodeksu post\u0119powania cywilnego.<\/p>\t\t\t\t\t\t\t\t<\/div>\n\t\t\t\t<\/div>\n\t\t\t\t\t<\/div>\n\t\t\t\t<\/div>\n\t\t\t\t<\/div>\n\t\t","protected":false},"excerpt":{"rendered":"<p>Komornik S\u0105dowy Monika Kirzynowska dzia\u0142a przy S\u0105dzie Rejonowym w S\u0142ubicach, kt\u00f3ry obejmuje w\u0142a\u015bciwo\u015bci\u0105 miejscow\u0105 nast\u0119puj\u0105ce obszary: &#8211; miasto Kostrzyn nad Odr\u0105,&#8211; gmina S\u0142ubice,&#8211; gmina Rzepin,&#8211; gmina G\u00f3rzyca. Post\u0119powania egzekucyjne mog\u0105 by\u0107 prowadzone na terenie ca\u0142ego powy\u017cszego obszaru, zgodnie z przepisami ustawy o komornikach s\u0105dowych oraz Kodeksu post\u0119powania cywilnego.<\/p>\n","protected":false},"author":1,"featured_media":0,"parent":0,"menu_order":0,"comment_status":"closed","ping_status":"closed","template":"elementor_header_footer","meta":{"footnotes":""},"class_list":["post-76","page","type-page","status-publish","hentry"],"_links":{"self":[{"href":"https:\/\/komornik-slubice.pl\/index.php\/wp-json\/wp\/v2\/pages\/76","targetHints":{"allow":["GET"]}}],"collection":[{"href":"https:\/\/komornik-slubice.pl\/index.php\/wp-json\/wp\/v2\/pages"}],"about":[{"href":"https:\/\/komornik-slubice.pl\/index.php\/wp-json\/wp\/v2\/types\/page"}],"author":[{"embeddable":true,"href":"https:\/\/komornik-slubice.pl\/index.php\/wp-json\/wp\/v2\/users\/1"}],"replies":[{"embeddable":true,"href":"https:\/\/komornik-slubice.pl\/index.php\/wp-json\/wp\/v2\/comments?post=76"}],"version-history":[{"count":10,"href":"https:\/\/komornik-slubice.pl\/index.php\/wp-json\/wp\/v2\/pages\/76\/revisions"}],"predecessor-version":[{"id":88,"href":"https:\/\/komornik-slubice.pl\/index.php\/wp-json\/wp\/v2\/pages\/76\/revisions\/88"}],"wp:attachment":[{"href":"https:\/\/komornik-slubice.pl\/index.php\/wp-json\/wp\/v2\/media?parent=76"}],"curies":[{"name":"wp","href":"https:\/\/api.w.org\/{rel}","templated":true}]}}