{"id":89,"date":"2025-06-20T09:52:45","date_gmt":"2025-06-20T09:52:45","guid":{"rendered":"https:\/\/mkirzynowska.ksr.zgo.pl\/?page_id=89"},"modified":"2025-06-20T09:54:58","modified_gmt":"2025-06-20T09:54:58","slug":"dokumenty","status":"publish","type":"page","link":"https:\/\/komornik-slubice.pl\/index.php\/dokumenty\/","title":{"rendered":"dokumenty"},"content":{"rendered":"\t\t<div data-elementor-type=\"wp-page\" data-elementor-id=\"89\" class=\"elementor elementor-89\">\n\t\t\t\t<div class=\"elementor-element elementor-element-3d384de e-flex e-con-boxed e-con e-parent\" data-id=\"3d384de\" data-element_type=\"container\">\n\t\t\t\t\t<div class=\"e-con-inner\">\n\t\t\t\t\t<\/div>\n\t\t\t\t<\/div>\n\t\t<div class=\"elementor-element elementor-element-0776d40 e-flex e-con-boxed e-con e-parent\" data-id=\"0776d40\" data-element_type=\"container\">\n\t\t\t\t\t<div class=\"e-con-inner\">\n\t\t\t\t<div class=\"elementor-element elementor-element-7028f88 elementor-widget elementor-widget-text-editor\" data-id=\"7028f88\" data-element_type=\"widget\" data-widget_type=\"text-editor.default\">\n\t\t\t\t<div class=\"elementor-widget-container\">\n\t\t\t\t\t\t\t\t\t<p>Wniosek o wszcz\u0119cie post\u0119powania egzekucyjnego nale\u017cy z\u0142o\u017cy\u0107 w <strong>oryginale<\/strong> wraz z <strong>oryginalnym tytu\u0142em wykonawczym<\/strong> w Kancelarii Komorniczej Moniki Kirzynowskiej, Komornika S\u0105dowego przy S\u0105dzie Rejonowym w S\u0142ubicach.<\/p><p>Formularz powinien by\u0107 <strong>wype\u0142niony czytelnie, drukowanymi literami, a wszystkie pola musz\u0105 by\u0107 kompletnie uzupe\u0142nione<\/strong>.<\/p><p>W celu zwi\u0119kszenia szans na skuteczn\u0105 egzekucj\u0119, wierzyciel powinien poda\u0107 jak najwi\u0119cej danych identyfikacyjnych d\u0142u\u017cnika, takich jak:<\/p><p>&#8211; numer <strong>PESEL<\/strong>,<br \/>&#8211; <strong>NIP<\/strong>,<br \/>&#8211; aktualne i poprzednie <strong>adresy zamieszkania<\/strong>,<br \/>&#8211; <strong>miejsce zatrudnienia<\/strong>,<br \/>&#8211; <strong>informacje o maj\u0105tku<\/strong> (np. numer konta bankowego, pojazdy, nieruchomo\u015bci).<br \/><span style=\"font-family: var( --e-global-typography-text-font-family ), Sans-serif; text-align: var(--text-align); letter-spacing: 0px;\">Wniosek musi by\u0107 podpisany czytelnie przez wierzyciela, z podaniem pe\u0142nego imienia i nazwiska.<\/span><\/p><p>W przypadku, gdy wniosek sk\u0142ada osoba reprezentuj\u0105ca wierzyciela, nale\u017cy za\u0142\u0105czy\u0107:<\/p><p>pe\u0142nomocnictwo,<br \/>a w przypadku sp\u00f3\u0142ek prawa handlowego \u2014 aktualny odpis z Krajowego Rejestru S\u0105dowego, potwierdzaj\u0105cy uprawnienie do reprezentacji.<\/p>\t\t\t\t\t\t\t\t<\/div>\n\t\t\t\t<\/div>\n\t\t\t\t\t<\/div>\n\t\t\t\t<\/div>\n\t\t\t\t<\/div>\n\t\t","protected":false},"excerpt":{"rendered":"<p>Wniosek o wszcz\u0119cie post\u0119powania egzekucyjnego nale\u017cy z\u0142o\u017cy\u0107 w oryginale wraz z oryginalnym tytu\u0142em wykonawczym w Kancelarii Komorniczej Moniki Kirzynowskiej, Komornika S\u0105dowego przy S\u0105dzie Rejonowym w S\u0142ubicach. Formularz powinien by\u0107 wype\u0142niony czytelnie, drukowanymi literami, a wszystkie pola musz\u0105 by\u0107 kompletnie uzupe\u0142nione. W celu zwi\u0119kszenia szans na skuteczn\u0105 egzekucj\u0119, wierzyciel powinien poda\u0107 jak najwi\u0119cej danych identyfikacyjnych d\u0142u\u017cnika, takich jak: &#8211; numer PESEL,&#8211; NIP,&#8211; aktualne i poprzednie adresy zamieszkania,&#8211; miejsce zatrudnienia,&#8211; informacje o maj\u0105tku (np. numer konta bankowego, pojazdy, nieruchomo\u015bci).Wniosek musi by\u0107 podpisany czytelnie przez wierzyciela, z podaniem pe\u0142nego imienia i nazwiska. W przypadku, gdy wniosek sk\u0142ada osoba reprezentuj\u0105ca wierzyciela, nale\u017cy za\u0142\u0105czy\u0107: pe\u0142nomocnictwo,a w przypadku sp\u00f3\u0142ek prawa handlowego \u2014 aktualny odpis z Krajowego Rejestru S\u0105dowego, potwierdzaj\u0105cy uprawnienie do reprezentacji.<\/p>\n","protected":false},"author":1,"featured_media":0,"parent":0,"menu_order":0,"comment_status":"closed","ping_status":"closed","template":"elementor_header_footer","meta":{"footnotes":""},"class_list":["post-89","page","type-page","status-publish","hentry"],"_links":{"self":[{"href":"https:\/\/komornik-slubice.pl\/index.php\/wp-json\/wp\/v2\/pages\/89","targetHints":{"allow":["GET"]}}],"collection":[{"href":"https:\/\/komornik-slubice.pl\/index.php\/wp-json\/wp\/v2\/pages"}],"about":[{"href":"https:\/\/komornik-slubice.pl\/index.php\/wp-json\/wp\/v2\/types\/page"}],"author":[{"embeddable":true,"href":"https:\/\/komornik-slubice.pl\/index.php\/wp-json\/wp\/v2\/users\/1"}],"replies":[{"embeddable":true,"href":"https:\/\/komornik-slubice.pl\/index.php\/wp-json\/wp\/v2\/comments?post=89"}],"version-history":[{"count":7,"href":"https:\/\/komornik-slubice.pl\/index.php\/wp-json\/wp\/v2\/pages\/89\/revisions"}],"predecessor-version":[{"id":96,"href":"https:\/\/komornik-slubice.pl\/index.php\/wp-json\/wp\/v2\/pages\/89\/revisions\/96"}],"wp:attachment":[{"href":"https:\/\/komornik-slubice.pl\/index.php\/wp-json\/wp\/v2\/media?parent=89"}],"curies":[{"name":"wp","href":"https:\/\/api.w.org\/{rel}","templated":true}]}}